{"id":572,"date":"2021-08-05T21:01:10","date_gmt":"2021-08-05T21:01:10","guid":{"rendered":"https:\/\/www.sollustecnologia.com\/blog\/?page_id=572"},"modified":"2021-08-27T19:20:44","modified_gmt":"2021-08-27T19:20:44","slug":"blog","status":"publish","type":"page","link":"https:\/\/www.sollustecnologia.com\/blog\/","title":{"rendered":"Blog | Sollus Tecnologia"},"content":{"rendered":"<p>[et_pb_section fb_built=&#8221;1&#8243; specialty=&#8221;on&#8221; _builder_version=&#8221;4.9.10&#8243; _module_preset=&#8221;default&#8221; background_color=&#8221;#f2f2f2&#8243;][et_pb_column type=&#8221;2_3&#8243; specialty_columns=&#8221;2&#8243; _builder_version=&#8221;3.25&#8243; custom_padding=&#8221;|||&#8221; custom_padding__hover=&#8221;|||&#8221;][et_pb_row_inner _builder_version=&#8221;4.9.10&#8243; _module_preset=&#8221;default&#8221; custom_padding=&#8221;7px||0px|||&#8221;][et_pb_column_inner saved_specialty_column_type=&#8221;2_3&#8243; _builder_version=&#8221;4.9.10&#8243; _module_preset=&#8221;default&#8221;][et_pb_text _builder_version=&#8221;4.9.10&#8243; _dynamic_attributes=&#8221;content&#8221; _module_preset=&#8221;default&#8221; text_font=&#8221;|600|||||||&#8221; header_font=&#8221;||||||||&#8221; header_4_font=&#8221;|600||on|||||&#8221; header_4_font_size=&#8221;17px&#8221; header_4_line_height=&#8221;1.3em&#8221; custom_margin=&#8221;||-1px||false|false&#8221;]@ET-DC@eyJkeW5hbWljIjp0cnVlLCJjb250ZW50IjoicG9zdF90aXRsZSIsInNldHRpbmdzIjp7ImJlZm9yZSI6IjxoND4iLCJhZnRlciI6IjwvaDQ+In19@[\/et_pb_text][et_pb_text _builder_version=&#8221;4.9.10&#8243; _module_preset=&#8221;default&#8221;]<\/p>\n<span><span><a href=\"https:\/\/www.sollustecnologia.com\/blog\/\">In\u00edcio<\/a><\/span>\n<p>[\/et_pb_text][et_pb_text _builder_version=&#8221;4.9.10&#8243; _module_preset=&#8221;default&#8221; header_4_text_color=&#8221;#000000&#8243; header_4_font_size=&#8221;17px&#8221; custom_margin=&#8221;||-1px|||&#8221;]<\/p>\n<h4>\u00daltimas Not\u00edcias:<\/h4>\n<p>[\/et_pb_text][et_pb_blog posts_number=&#8221;1&#8243; include_categories=&#8221;all&#8221; meta_date=&#8221;j\/m\/Y&#8221; excerpt_length=&#8221;140&#8243; show_author=&#8221;off&#8221; show_pagination=&#8221;off&#8221; use_overlay=&#8221;on&#8221; overlay_icon_color=&#8221;RGBA(0,0,0,0)&#8221; hover_overlay_color=&#8221;rgba(0,0,0,0.55)&#8221; module_class=&#8221;destaque-post&#8221; _builder_version=&#8221;4.9.10&#8243; _module_preset=&#8221;default&#8221; header_font=&#8221;|600|||||||&#8221; header_text_color=&#8221;#000000&#8243; header_font_size=&#8221;30px&#8221; header_line_height=&#8221;1.6em&#8221; body_font=&#8221;|300|||||||&#8221; body_font_size=&#8221;16px&#8221; body_line_height=&#8221;1.8em&#8221; meta_font=&#8221;|600|||||||&#8221; meta_text_color=&#8221;#005599&#8243; meta_font_size=&#8221;14px&#8221; hover_enabled=&#8221;0&#8243; header_font_size_tablet=&#8221;17px&#8221; header_font_size_phone=&#8221;22px&#8221; header_font_size_last_edited=&#8221;on|tablet&#8221; body_font_size_tablet=&#8221;12px&#8221; body_font_size_phone=&#8221;16px&#8221; body_font_size_last_edited=&#8221;on|tablet&#8221; meta_font_size_tablet=&#8221;11px&#8221; meta_font_size_phone=&#8221;14px&#8221; meta_font_size_last_edited=&#8221;on|desktop&#8221; box_shadow_style=&#8221;preset3&#8243; box_shadow_spread=&#8221;-15px&#8221; box_shadow_color=&#8221;rgba(0,0,0,0.17)&#8221; sticky_enabled=&#8221;0&#8243; background_color=&#8221;#FFFFFF&#8221;][\/et_pb_blog][et_pb_blog fullwidth=&#8221;off&#8221; posts_number=&#8221;4&#8243; include_categories=&#8221;all&#8221; meta_date=&#8221;j\/m\/Y&#8221; excerpt_length=&#8221;140&#8243; show_author=&#8221;off&#8221; offset_number=&#8221;1&#8243; use_overlay=&#8221;on&#8221; overlay_icon_color=&#8221;RGBA(0,0,0,0)&#8221; hover_overlay_color=&#8221;rgba(0,0,0,0.55)&#8221; _builder_version=&#8221;4.9.10&#8243; _module_preset=&#8221;default&#8221; header_font=&#8221;|600|||||||&#8221; header_text_color=&#8221;#000000&#8243; header_font_size=&#8221;19px&#8221; header_line_height=&#8221;1.6em&#8221; body_font=&#8221;|300|||||||&#8221; body_font_size=&#8221;16px&#8221; body_line_height=&#8221;1.8em&#8221; meta_font=&#8221;|600|||||||&#8221; meta_text_color=&#8221;#005599&#8243; meta_font_size=&#8221;14px&#8221; pagination_font_size=&#8221;15px&#8221; body_font_size_tablet=&#8221;12px&#8221; body_font_size_phone=&#8221;16px&#8221; body_font_size_last_edited=&#8221;on|tablet&#8221; box_shadow_style=&#8221;preset3&#8243; box_shadow_spread=&#8221;-15px&#8221; box_shadow_color=&#8221;rgba(0,0,0,0.17)&#8221;][\/et_pb_blog][et_pb_text _builder_version=&#8221;4.9.10&#8243; _module_preset=&#8221;default&#8221; header_4_text_color=&#8221;#000000&#8243; header_4_font_size=&#8221;17px&#8221; custom_margin=&#8221;||-1px|||&#8221;]<\/p>\n<h4>Gest\u00e3o de Ponto<\/h4>\n<p>[\/et_pb_text][et_pb_blog posts_number=&#8221;1&#8243; include_categories=&#8221;13&#8243; meta_date=&#8221;j\/m\/Y&#8221; excerpt_length=&#8221;140&#8243; show_author=&#8221;off&#8221; show_pagination=&#8221;off&#8221; use_overlay=&#8221;on&#8221; overlay_icon_color=&#8221;RGBA(0,0,0,0)&#8221; hover_overlay_color=&#8221;rgba(0,0,0,0.55)&#8221; module_class=&#8221;destaque-post&#8221; _builder_version=&#8221;4.9.10&#8243; _module_preset=&#8221;default&#8221; header_font=&#8221;|600|||||||&#8221; header_text_color=&#8221;#000000&#8243; header_font_size=&#8221;30px&#8221; header_line_height=&#8221;1.6em&#8221; body_font=&#8221;|300|||||||&#8221; body_font_size=&#8221;16px&#8221; body_line_height=&#8221;1.8em&#8221; meta_font=&#8221;|600|||||||&#8221; meta_text_color=&#8221;#005599&#8243; meta_font_size=&#8221;14px&#8221; header_font_size_tablet=&#8221;17px&#8221; header_font_size_phone=&#8221;22px&#8221; header_font_size_last_edited=&#8221;on|tablet&#8221; body_font_size_tablet=&#8221;12px&#8221; body_font_size_phone=&#8221;16px&#8221; body_font_size_last_edited=&#8221;on|tablet&#8221; meta_font_size_tablet=&#8221;11px&#8221; meta_font_size_phone=&#8221;14px&#8221; meta_font_size_last_edited=&#8221;on|desktop&#8221; box_shadow_style=&#8221;preset3&#8243; box_shadow_spread=&#8221;-15px&#8221; box_shadow_color=&#8221;rgba(0,0,0,0.17)&#8221; background_color=&#8221;#FFFFFF&#8221;][\/et_pb_blog][et_pb_blog fullwidth=&#8221;off&#8221; posts_number=&#8221;2&#8243; include_categories=&#8221;13&#8243; meta_date=&#8221;j\/m\/Y&#8221; excerpt_length=&#8221;140&#8243; show_author=&#8221;off&#8221; show_pagination=&#8221;off&#8221; offset_number=&#8221;1&#8243; use_overlay=&#8221;on&#8221; overlay_icon_color=&#8221;RGBA(0,0,0,0)&#8221; hover_overlay_color=&#8221;rgba(0,0,0,0.55)&#8221; _builder_version=&#8221;4.9.10&#8243; _module_preset=&#8221;default&#8221; header_font=&#8221;|600|||||||&#8221; header_text_color=&#8221;#000000&#8243; header_font_size=&#8221;19px&#8221; header_line_height=&#8221;1.6em&#8221; body_font=&#8221;|300|||||||&#8221; body_font_size=&#8221;16px&#8221; body_line_height=&#8221;1.8em&#8221; meta_font=&#8221;|600|||||||&#8221; meta_text_color=&#8221;#005599&#8243; meta_font_size=&#8221;14px&#8221; pagination_font_size=&#8221;15px&#8221; body_font_size_tablet=&#8221;12px&#8221; body_font_size_phone=&#8221;16px&#8221; body_font_size_last_edited=&#8221;on|tablet&#8221; box_shadow_style=&#8221;preset3&#8243; box_shadow_spread=&#8221;-15px&#8221; box_shadow_color=&#8221;rgba(0,0,0,0.17)&#8221;][\/et_pb_blog][et_pb_text _builder_version=&#8221;4.9.10&#8243; _module_preset=&#8221;default&#8221; header_4_text_color=&#8221;#000000&#8243; header_4_font_size=&#8221;17px&#8221; custom_margin=&#8221;||-1px|||&#8221;]<\/p>\n<h4>Gest\u00e3o de Acesso<\/h4>\n<p>[\/et_pb_text][et_pb_blog posts_number=&#8221;1&#8243; include_categories=&#8221;14&#8243; meta_date=&#8221;j\/m\/Y&#8221; excerpt_length=&#8221;140&#8243; show_author=&#8221;off&#8221; show_pagination=&#8221;off&#8221; use_overlay=&#8221;on&#8221; overlay_icon_color=&#8221;RGBA(0,0,0,0)&#8221; hover_overlay_color=&#8221;rgba(0,0,0,0.55)&#8221; module_class=&#8221;destaque-post&#8221; _builder_version=&#8221;4.9.10&#8243; _module_preset=&#8221;default&#8221; header_font=&#8221;|600|||||||&#8221; header_text_color=&#8221;#000000&#8243; header_font_size=&#8221;30px&#8221; header_line_height=&#8221;1.6em&#8221; body_font=&#8221;|300|||||||&#8221; body_font_size=&#8221;16px&#8221; body_line_height=&#8221;1.8em&#8221; meta_font=&#8221;|600|||||||&#8221; meta_text_color=&#8221;#005599&#8243; meta_font_size=&#8221;14px&#8221; header_font_size_tablet=&#8221;17px&#8221; header_font_size_phone=&#8221;22px&#8221; header_font_size_last_edited=&#8221;on|tablet&#8221; body_font_size_tablet=&#8221;12px&#8221; body_font_size_phone=&#8221;16px&#8221; body_font_size_last_edited=&#8221;on|tablet&#8221; meta_font_size_tablet=&#8221;11px&#8221; meta_font_size_phone=&#8221;14px&#8221; meta_font_size_last_edited=&#8221;on|desktop&#8221; box_shadow_style=&#8221;preset3&#8243; box_shadow_spread=&#8221;-15px&#8221; box_shadow_color=&#8221;rgba(0,0,0,0.17)&#8221; background_color=&#8221;#FFFFFF&#8221;][\/et_pb_blog][et_pb_blog fullwidth=&#8221;off&#8221; posts_number=&#8221;2&#8243; include_categories=&#8221;14&#8243; meta_date=&#8221;j\/m\/Y&#8221; excerpt_length=&#8221;140&#8243; show_author=&#8221;off&#8221; show_pagination=&#8221;off&#8221; offset_number=&#8221;1&#8243; use_overlay=&#8221;on&#8221; overlay_icon_color=&#8221;RGBA(0,0,0,0)&#8221; hover_overlay_color=&#8221;rgba(0,0,0,0.55)&#8221; _builder_version=&#8221;4.9.10&#8243; _module_preset=&#8221;default&#8221; header_font=&#8221;|600|||||||&#8221; header_text_color=&#8221;#000000&#8243; header_font_size=&#8221;19px&#8221; header_line_height=&#8221;1.6em&#8221; body_font=&#8221;|300|||||||&#8221; body_font_size=&#8221;16px&#8221; body_line_height=&#8221;1.8em&#8221; meta_font=&#8221;|600|||||||&#8221; meta_text_color=&#8221;#005599&#8243; meta_font_size=&#8221;14px&#8221; pagination_font_size=&#8221;15px&#8221; body_font_size_tablet=&#8221;12px&#8221; body_font_size_phone=&#8221;16px&#8221; body_font_size_last_edited=&#8221;on|tablet&#8221; box_shadow_style=&#8221;preset3&#8243; box_shadow_spread=&#8221;-15px&#8221; box_shadow_color=&#8221;rgba(0,0,0,0.17)&#8221;][\/et_pb_blog][\/et_pb_column_inner][\/et_pb_row_inner][\/et_pb_column][et_pb_column type=&#8221;1_3&#8243; _builder_version=&#8221;3.25&#8243; custom_padding=&#8221;|||&#8221; custom_padding__hover=&#8221;|||&#8221;][et_pb_search show_button=&#8221;off&#8221; placeholder=&#8221;Pesquise neste site&#8221; _builder_version=&#8221;4.9.10&#8243; _module_preset=&#8221;default&#8221; max_width=&#8221;350px&#8221; module_alignment=&#8221;center&#8221; custom_padding=&#8221;20px|20px|20px|20px|true|true&#8221;][\/et_pb_search][et_pb_sidebar show_border=&#8221;off&#8221; _builder_version=&#8221;4.9.10&#8243; _module_preset=&#8221;default&#8221; background_color=&#8221;#FFFFFF&#8221; max_width=&#8221;350px&#8221; module_alignment=&#8221;center&#8221; custom_padding=&#8221;20px|20px|20px|20px|true|true&#8221; global_module=&#8221;869&#8243;][\/et_pb_sidebar][\/et_pb_column][\/et_pb_section][et_pb_section fb_built=&#8221;1&#8243; _builder_version=&#8221;4.9.10&#8243; _module_preset=&#8221;default&#8221; background_color=&#8221;#d3dcea&#8221; background_color_gradient_direction=&#8221;94deg&#8221;][et_pb_row column_structure=&#8221;2_5,3_5&#8243; _builder_version=&#8221;4.9.10&#8243; _module_preset=&#8221;default&#8221;][et_pb_column type=&#8221;2_5&#8243; _builder_version=&#8221;4.9.10&#8243; _module_preset=&#8221;default&#8221;][et_pb_text _builder_version=&#8221;4.9.10&#8243; _module_preset=&#8221;default&#8221; header_font_size=&#8221;27px&#8221; header_line_height=&#8221;1.7em&#8221; header_2_font=&#8221;|300|||||||&#8221; header_2_font_size=&#8221;38px&#8221; custom_margin=&#8221;||0px||false|false&#8221; custom_padding=&#8221;||0px||false|false&#8221; header_font_size_tablet=&#8221;&#8221; header_font_size_phone=&#8221;28px&#8221; header_font_size_last_edited=&#8221;on|desktop&#8221; header_2_font_size_tablet=&#8221;&#8221; header_2_font_size_phone=&#8221;&#8221; header_2_font_size_last_edited=&#8221;on|tablet&#8221; text_orientation_tablet=&#8221;center&#8221; text_orientation_phone=&#8221;&#8221; text_orientation_last_edited=&#8221;on|phone&#8221;]<\/p>\n<h2>Inscreva-se na nossa newsletter<\/h2>\n<p>[\/et_pb_text][et_pb_text _builder_version=&#8221;4.9.10&#8243; _module_preset=&#8221;default&#8221; header_font_size=&#8221;27px&#8221; header_line_height=&#8221;1.7em&#8221; custom_margin=&#8221;||0px||false|false&#8221; custom_padding=&#8221;||0px||false|false&#8221; header_font_size_tablet=&#8221;&#8221; header_font_size_phone=&#8221;28px&#8221; header_font_size_last_edited=&#8221;on|desktop&#8221; text_orientation_tablet=&#8221;center&#8221; text_orientation_phone=&#8221;&#8221; text_orientation_last_edited=&#8221;on|phone&#8221;]<\/p>\n<h5>E receba por e-mail nossos conte\u00fados sobre Gest\u00e3o de Ponto de Acesso<\/h5>\n<p>[\/et_pb_text][\/et_pb_column][et_pb_column type=&#8221;3_5&#8243; _builder_version=&#8221;4.9.10&#8243; _module_preset=&#8221;default&#8221;][et_pb_divider show_divider=&#8221;off&#8221; _builder_version=&#8221;4.9.10&#8243; _module_preset=&#8221;default&#8221;][\/et_pb_divider][et_pb_contact_form captcha=&#8221;off&#8221; email=&#8221;contato@sollustecnologia.com&#8221; custom_message=&#8221;~~ Recebido via formul\u00e1rio de newsletter no blog da SollusTecnologia.&#8221; success_message=&#8221;Obrigado pela sua inscri\u00e7\u00e3o!&#8221; submit_button_text=&#8221;Receber conte\u00fado&#8221; _builder_version=&#8221;4.9.10&#8243; _module_preset=&#8221;default&#8221; custom_button=&#8221;on&#8221; button_text_color=&#8221;#FFFFFF&#8221; button_bg_color=&#8221;#005599&#8243; button_border_width=&#8221;0px&#8221; custom_css_contact_button=&#8221;float:left!important;&#8221; custom_css_captcha_field=&#8221;display:none!important;\t&#8221; custom_css_captcha_label=&#8221;display:none!important;\t&#8220;][et_pb_contact_field field_id=&#8221;Name&#8221; field_title=&#8221;Nome&#8221; _builder_version=&#8221;3.16&#8243; button_text_size__hover_enabled=&#8221;off&#8221; button_one_text_size__hover_enabled=&#8221;off&#8221; button_two_text_size__hover_enabled=&#8221;off&#8221; button_text_color__hover_enabled=&#8221;off&#8221; button_one_text_color__hover_enabled=&#8221;off&#8221; button_two_text_color__hover_enabled=&#8221;off&#8221; button_border_width__hover_enabled=&#8221;off&#8221; button_one_border_width__hover_enabled=&#8221;off&#8221; button_two_border_width__hover_enabled=&#8221;off&#8221; button_border_color__hover_enabled=&#8221;off&#8221; button_one_border_color__hover_enabled=&#8221;off&#8221; button_two_border_color__hover_enabled=&#8221;off&#8221; button_border_radius__hover_enabled=&#8221;off&#8221; button_one_border_radius__hover_enabled=&#8221;off&#8221; button_two_border_radius__hover_enabled=&#8221;off&#8221; button_letter_spacing__hover_enabled=&#8221;off&#8221; button_one_letter_spacing__hover_enabled=&#8221;off&#8221; button_two_letter_spacing__hover_enabled=&#8221;off&#8221; button_bg_color__hover_enabled=&#8221;off&#8221; button_one_bg_color__hover_enabled=&#8221;off&#8221; button_two_bg_color__hover_enabled=&#8221;off&#8221;][\/et_pb_contact_field][et_pb_contact_field field_id=&#8221;Email&#8221; field_title=&#8221;E-mail&#8221; field_type=&#8221;email&#8221; _builder_version=&#8221;4.9.10&#8243; button_text_size__hover_enabled=&#8221;off&#8221; button_one_text_size__hover_enabled=&#8221;off&#8221; button_two_text_size__hover_enabled=&#8221;off&#8221; button_text_color__hover_enabled=&#8221;off&#8221; button_one_text_color__hover_enabled=&#8221;off&#8221; button_two_text_color__hover_enabled=&#8221;off&#8221; button_border_width__hover_enabled=&#8221;off&#8221; button_one_border_width__hover_enabled=&#8221;off&#8221; button_two_border_width__hover_enabled=&#8221;off&#8221; button_border_color__hover_enabled=&#8221;off&#8221; button_one_border_color__hover_enabled=&#8221;off&#8221; button_two_border_color__hover_enabled=&#8221;off&#8221; button_border_radius__hover_enabled=&#8221;off&#8221; button_one_border_radius__hover_enabled=&#8221;off&#8221; button_two_border_radius__hover_enabled=&#8221;off&#8221; button_letter_spacing__hover_enabled=&#8221;off&#8221; button_one_letter_spacing__hover_enabled=&#8221;off&#8221; button_two_letter_spacing__hover_enabled=&#8221;off&#8221; button_bg_color__hover_enabled=&#8221;off&#8221; button_one_bg_color__hover_enabled=&#8221;off&#8221; button_two_bg_color__hover_enabled=&#8221;off&#8221;][\/et_pb_contact_field][\/et_pb_contact_form][\/et_pb_column][\/et_pb_row][\/et_pb_section]<\/p>\n","protected":false},"excerpt":{"rendered":"<p>Seja bem-vindo ao nosso blog! \u00c9 a Sollus Tecnologia compartilhando informa\u00e7\u00f5es importantes para quem automatiza e otimiza processos de gest\u00e3o.<\/p>\n","protected":false},"author":3,"featured_media":0,"parent":0,"menu_order":0,"comment_status":"closed","ping_status":"closed","template":"","meta":{"_et_pb_use_builder":"on","_et_pb_old_content":"<!-- wp:divi\/placeholder \/-->","_et_gb_content_width":""},"yoast_head":"<!-- This site is optimized with the Yoast SEO plugin v16.9 - https:\/\/yoast.com\/wordpress\/plugins\/seo\/ -->\n<title>Blog | Sollus Tecnologia - Sollus Tecnologia<\/title>\n<meta name=\"robots\" content=\"index, follow, max-snippet:-1, max-image-preview:large, max-video-preview:-1\" \/>\n<link rel=\"canonical\" href=\"https:\/\/www.sollustecnologia.com\/blog\/\" \/>\n<meta property=\"og:locale\" content=\"pt_BR\" \/>\n<meta property=\"og:type\" content=\"article\" \/>\n<meta property=\"og:title\" content=\"Blog | Sollus Tecnologia - Sollus Tecnologia\" \/>\n<meta property=\"og:description\" content=\"Seja bem-vindo ao nosso blog! \u00c9 a Sollus Tecnologia compartilhando informa\u00e7\u00f5es importantes para quem automatiza e otimiza processos de gest\u00e3o.\" \/>\n<meta property=\"og:url\" content=\"https:\/\/www.sollustecnologia.com\/blog\/\" \/>\n<meta property=\"og:site_name\" content=\"Sollus Tecnologia\" \/>\n<meta property=\"article:modified_time\" content=\"2021-08-27T19:20:44+00:00\" \/>\n<meta name=\"twitter:card\" content=\"summary\" \/>\n<meta name=\"twitter:label1\" content=\"Est. tempo de leitura\" \/>\n\t<meta name=\"twitter:data1\" content=\"8 minutos\" \/>\n<script type=\"application\/ld+json\" class=\"yoast-schema-graph\">{\"@context\":\"https:\/\/schema.org\",\"@graph\":[{\"@type\":\"WebSite\",\"@id\":\"https:\/\/www.sollustecnologia.com\/blog\/#website\",\"url\":\"https:\/\/www.sollustecnologia.com\/blog\/\",\"name\":\"Sollus Tecnologia\",\"description\":\"Solu\\u00e7\\u00f5es em tecnologia de gest\\u00e3o de ponto e controle de acesso\",\"potentialAction\":[{\"@type\":\"SearchAction\",\"target\":{\"@type\":\"EntryPoint\",\"urlTemplate\":\"https:\/\/www.sollustecnologia.com\/blog\/?s={search_term_string}\"},\"query-input\":\"required name=search_term_string\"}],\"inLanguage\":\"pt-BR\"},{\"@type\":\"WebPage\",\"@id\":\"https:\/\/www.sollustecnologia.com\/blog\/#webpage\",\"url\":\"https:\/\/www.sollustecnologia.com\/blog\/\",\"name\":\"Blog | Sollus Tecnologia - Sollus Tecnologia\",\"isPartOf\":{\"@id\":\"https:\/\/www.sollustecnologia.com\/blog\/#website\"},\"datePublished\":\"2021-08-05T21:01:10+00:00\",\"dateModified\":\"2021-08-27T19:20:44+00:00\",\"breadcrumb\":{\"@id\":\"https:\/\/www.sollustecnologia.com\/blog\/#breadcrumb\"},\"inLanguage\":\"pt-BR\",\"potentialAction\":[{\"@type\":\"ReadAction\",\"target\":[\"https:\/\/www.sollustecnologia.com\/blog\/\"]}]},{\"@type\":\"BreadcrumbList\",\"@id\":\"https:\/\/www.sollustecnologia.com\/blog\/#breadcrumb\",\"itemListElement\":[{\"@type\":\"ListItem\",\"position\":1,\"name\":\"In\\u00edcio\",\"item\":\"https:\/\/www.sollustecnologia.com\/blog\/\"},{\"@type\":\"ListItem\",\"position\":2,\"name\":\"Blog | Sollus Tecnologia\"}]}]}<\/script>\n<!-- \/ Yoast SEO plugin. -->","yoast_head_json":{"title":"Blog | Sollus Tecnologia - Sollus Tecnologia","robots":{"index":"index","follow":"follow","max-snippet":"max-snippet:-1","max-image-preview":"max-image-preview:large","max-video-preview":"max-video-preview:-1"},"canonical":"https:\/\/www.sollustecnologia.com\/blog\/","og_locale":"pt_BR","og_type":"article","og_title":"Blog | Sollus Tecnologia - Sollus Tecnologia","og_description":"Seja bem-vindo ao nosso blog! \u00c9 a Sollus Tecnologia compartilhando informa\u00e7\u00f5es importantes para quem automatiza e otimiza processos de gest\u00e3o.","og_url":"https:\/\/www.sollustecnologia.com\/blog\/","og_site_name":"Sollus Tecnologia","article_modified_time":"2021-08-27T19:20:44+00:00","twitter_card":"summary","twitter_misc":{"Est. tempo de leitura":"8 minutos"},"schema":{"@context":"https:\/\/schema.org","@graph":[{"@type":"WebSite","@id":"https:\/\/www.sollustecnologia.com\/blog\/#website","url":"https:\/\/www.sollustecnologia.com\/blog\/","name":"Sollus Tecnologia","description":"Solu\u00e7\u00f5es em tecnologia de gest\u00e3o de ponto e controle de acesso","potentialAction":[{"@type":"SearchAction","target":{"@type":"EntryPoint","urlTemplate":"https:\/\/www.sollustecnologia.com\/blog\/?s={search_term_string}"},"query-input":"required name=search_term_string"}],"inLanguage":"pt-BR"},{"@type":"WebPage","@id":"https:\/\/www.sollustecnologia.com\/blog\/#webpage","url":"https:\/\/www.sollustecnologia.com\/blog\/","name":"Blog | Sollus Tecnologia - Sollus Tecnologia","isPartOf":{"@id":"https:\/\/www.sollustecnologia.com\/blog\/#website"},"datePublished":"2021-08-05T21:01:10+00:00","dateModified":"2021-08-27T19:20:44+00:00","breadcrumb":{"@id":"https:\/\/www.sollustecnologia.com\/blog\/#breadcrumb"},"inLanguage":"pt-BR","potentialAction":[{"@type":"ReadAction","target":["https:\/\/www.sollustecnologia.com\/blog\/"]}]},{"@type":"BreadcrumbList","@id":"https:\/\/www.sollustecnologia.com\/blog\/#breadcrumb","itemListElement":[{"@type":"ListItem","position":1,"name":"In\u00edcio","item":"https:\/\/www.sollustecnologia.com\/blog\/"},{"@type":"ListItem","position":2,"name":"Blog | Sollus Tecnologia"}]}]}},"_links":{"self":[{"href":"https:\/\/www.sollustecnologia.com\/blog\/wp-json\/wp\/v2\/pages\/572"}],"collection":[{"href":"https:\/\/www.sollustecnologia.com\/blog\/wp-json\/wp\/v2\/pages"}],"about":[{"href":"https:\/\/www.sollustecnologia.com\/blog\/wp-json\/wp\/v2\/types\/page"}],"author":[{"embeddable":true,"href":"https:\/\/www.sollustecnologia.com\/blog\/wp-json\/wp\/v2\/users\/3"}],"replies":[{"embeddable":true,"href":"https:\/\/www.sollustecnologia.com\/blog\/wp-json\/wp\/v2\/comments?post=572"}],"version-history":[{"count":49,"href":"https:\/\/www.sollustecnologia.com\/blog\/wp-json\/wp\/v2\/pages\/572\/revisions"}],"predecessor-version":[{"id":1049,"href":"https:\/\/www.sollustecnologia.com\/blog\/wp-json\/wp\/v2\/pages\/572\/revisions\/1049"}],"wp:attachment":[{"href":"https:\/\/www.sollustecnologia.com\/blog\/wp-json\/wp\/v2\/media?parent=572"}],"curies":[{"name":"wp","href":"https:\/\/api.w.org\/{rel}","templated":true}]}}